{"id":357,"date":"2019-10-15T04:41:33","date_gmt":"2019-10-15T04:41:33","guid":{"rendered":"http:\/\/bdevs.net\/theme\/torun\/?page_id=357"},"modified":"2020-04-30T01:55:15","modified_gmt":"2020-04-30T06:55:15","slug":"quienes-somos","status":"publish","type":"page","link":"https:\/\/web.siba.com.co\/index.php\/quienes-somos\/","title":{"rendered":"Quienes Somos"},"content":{"rendered":"\t\t<div data-elementor-type=\"wp-page\" data-elementor-id=\"357\" class=\"elementor elementor-357\">\n\t\t\t\t\t\t<section class=\"elementor-section elementor-top-section elementor-element elementor-element-72c6fc2 about-area elementor-section-boxed elementor-section-height-default elementor-section-height-default\" data-id=\"72c6fc2\" data-element_type=\"section\">\n\t\t\t\t\t\t<div class=\"elementor-container elementor-column-gap-extended\">\n\t\t\t\t\t<div class=\"elementor-column elementor-col-50 elementor-top-column elementor-element elementor-element-fa10829\" data-id=\"fa10829\" data-element_type=\"column\">\n\t\t\t<div class=\"elementor-widget-wrap elementor-element-populated\">\n\t\t\t\t\t\t<div class=\"elementor-element elementor-element-6c75894 about-img elementor-widget elementor-widget-image\" data-id=\"6c75894\" data-element_type=\"widget\" data-widget_type=\"image.default\">\n\t\t\t\t<div class=\"elementor-widget-container\">\n\t\t\t\t\t\t\t\t\t\t\t\t\t<img fetchpriority=\"high\" decoding=\"async\" width=\"538\" height=\"514\" src=\"https:\/\/web.siba.com.co\/wp-content\/uploads\/2019\/10\/02-3.png\" class=\"attachment-large size-large wp-image-361\" alt=\"\" srcset=\"https:\/\/web.siba.com.co\/wp-content\/uploads\/2019\/10\/02-3.png 538w, https:\/\/web.siba.com.co\/wp-content\/uploads\/2019\/10\/02-3-300x287.png 300w\" sizes=\"(max-width: 538px) 100vw, 538px\" \/>\t\t\t\t\t\t\t\t\t\t\t\t\t<\/div>\n\t\t\t\t<\/div>\n\t\t\t\t\t<\/div>\n\t\t<\/div>\n\t\t\t\t<div class=\"elementor-column elementor-col-50 elementor-top-column elementor-element elementor-element-e233d00\" data-id=\"e233d00\" data-element_type=\"column\">\n\t\t\t<div class=\"elementor-widget-wrap elementor-element-populated\">\n\t\t\t\t\t\t<div class=\"elementor-element elementor-element-8e8f224 elementor-align-left elementor-widget elementor-widget-bdevs-about\" data-id=\"8e8f224\" data-element_type=\"widget\" data-widget_type=\"bdevs-about.default\">\n\t\t\t\t<div class=\"elementor-widget-container\">\n\t\t\t\t\t\t<div class=\"about-wrapper-box\">\n\t            <div class=\"about-text\">\n\t            \t\t\t\t\t\t\t<span style=\"; ; ;\">Quienes Somos<\/span>\n\t\t\t\t\t\t \n\n\t\t\t\t\t\t\t\t\t\t\t<h1 style=\"; ; ; ;\">+15 a\u00f1os de experiencia en  <span style=\"; ;\">Soluciones IT <\/span><\/h1>\n\t\t\t\t\t\t\n\n\t\t\t\t\t\t\t\t\t\t\t<p style=\"; ;\">                              <p>Somos una empresa especilizada en consultor\u00eda, desarrollo e implementaci\u00f3n de soluciones a la medida, basadas en software, aplicaciones e integraciones con redes m\u00f3viles y bases de datos.\n<\/p>\n<br>\n<p>\n+15 a\u00f1os de experiencia en tecnolog\u00edas de la informaci\u00f3n, construyendo canales de comunicaci\u00f3n en el segmento B2C y B2B de los operadores en LATAM.\n<\/p><\/p>\n\t\t\t\t\t\t\n\n\t\t\t\t\t\n\t            <\/div>\n\n\t        \t        \t<\/div>\n\n\t\t\t\n\t\t\t<\/div>\n\t\t\t\t<\/div>\n\t\t\t\t\t<\/div>\n\t\t<\/div>\n\t\t\t\t\t<\/div>\n\t\t<\/section>\n\t\t\t\t<section class=\"elementor-section elementor-top-section elementor-element elementor-element-c5a19bb elementor-section-full_width elementor-section-height-default elementor-section-height-default\" data-id=\"c5a19bb\" data-element_type=\"section\">\n\t\t\t\t\t\t<div class=\"elementor-container elementor-column-gap-no\">\n\t\t\t\t\t<div class=\"elementor-column elementor-col-100 elementor-top-column elementor-element elementor-element-a945ffb\" data-id=\"a945ffb\" data-element_type=\"column\">\n\t\t\t<div class=\"elementor-widget-wrap elementor-element-populated\">\n\t\t\t\t\t\t<div class=\"elementor-element elementor-element-b43890d elementor-align-left elementor-widget elementor-widget-whatwe_do\" data-id=\"b43890d\" data-element_type=\"widget\" data-widget_type=\"whatwe_do.default\">\n\t\t\t\t<div class=\"elementor-widget-container\">\n\t\t\t\t\t\t<style>\n\t\t\t\t.single-services::before {\n\t\t\t\t\tbackground-image: url(https:\/\/web.siba.com.co\/wp-content\/uploads\/2019\/11\/01.jpg);\n\t\t\t\t\tbackground-color: #30404D;\n\t\t\t\t}\n\t\t\t<\/style>\n\n\t\t\n\t\t    <!-- services-area-start -->\n            <div class=\"services-area\">\n                <div class=\"container\">\n                \t                    <div class=\"row\">\n\n\t\t\t\t\t\t\n\t\t\t                    <div class=\"col-xl-6 col-lg-4 col-md-6 mb-30\">\n\t\t\t                        <div class=\"single-services  text-center\">\n\t\t\t                    \t\t\n\t\t\t                            <div class=\"services-text\">\n\t\t\t\t\t\t\t\t\t\t\t\t\t\t\t\t\t\t\t\t\t\t\t<h3>Misi\u00f3n<\/h3>\n\t\t\t\t\t\t\t\t\t\t\t\n\t\t\t\t\t\t\t\t\t\t\t\t\t\t\t\t\t\t\t\t\t\t\t<p>SIBA S.A, est\u00e1 dedicada a impulsar el desarrollo tecnol\u00f3gico de la regi\u00f3n brindando soluciones a la\nmedida y accesibles que les permita a nuestros clientes ser m\u00e1s competitivos. <\/p>\n\t\t\t\t\t\t\t\t\t\t\t\t\t\t                                \n\t\t\t                                \t\t\t                            <\/div>\n\t\t\t                        <\/div>\n\t\t\t                    <\/div>\n\t\t\t\t\t\t\t\n\t\t\t                    <div class=\"col-xl-6 col-lg-4 col-md-6 mb-30\">\n\t\t\t                        <div class=\"single-services active text-center\">\n\t\t\t                    \t\t\n\t\t\t                            <div class=\"services-text\">\n\t\t\t\t\t\t\t\t\t\t\t\t\t\t\t\t\t\t\t\t\t\t\t<h3>Visi\u00f3n<\/h3>\n\t\t\t\t\t\t\t\t\t\t\t\n\t\t\t\t\t\t\t\t\t\t\t\t\t\t\t\t\t\t\t\t\t\t\t<p>SIBA S.A, busca para el 2018, Posicionarse como el mayor proveedor de contenido de programaci\u00f3n de\nhabla hispana a trav\u00e9s de soluciones innovadoras y a la medida de nuestros clientes con base en una\nrespuesta oportuna y exacta a nuestros clientes, proveedores y asociados<\/p>\n\t\t\t\t\t\t\t\t\t\t\t\t\t\t                                \n\t\t\t                                \t\t\t                            <\/div>\n\t\t\t                        <\/div>\n\t\t\t                    <\/div>\n\t\t\t\t\t\t\t           \n\n                    <\/div>\n                <\/div>\n            <\/div>\n            <!-- services-area-end -->\n\t\t\t<\/div>\n\t\t\t\t<\/div>\n\t\t\t\t\t<\/div>\n\t\t<\/div>\n\t\t\t\t\t<\/div>\n\t\t<\/section>\n\t\t\t\t<section class=\"elementor-section elementor-top-section elementor-element elementor-element-3651964 elementor-section-full_width elementor-section-height-default elementor-section-height-default\" data-id=\"3651964\" data-element_type=\"section\">\n\t\t\t\t\t\t<div class=\"elementor-container elementor-column-gap-no\">\n\t\t\t\t\t<div class=\"elementor-column elementor-col-100 elementor-top-column elementor-element elementor-element-b0e4669\" data-id=\"b0e4669\" data-element_type=\"column\">\n\t\t\t<div class=\"elementor-widget-wrap elementor-element-populated\">\n\t\t\t\t\t\t<div class=\"elementor-element elementor-element-390c607 elementor-align-left elementor-widget elementor-widget-bdevs-cta\" data-id=\"390c607\" data-element_type=\"widget\" data-widget_type=\"bdevs-cta.default\">\n\t\t\t\t<div class=\"elementor-widget-container\">\n\t\t\t\n            <!-- cta-area-start -->\n            <div class=\"cta-area cta-style-1\" style=\"background-image:url();\">\n                <div class=\"container\">\n                    <div class=\"row\">\n                       <div class=\"col-xl-7 col-lg-7\">\n                            <div class=\"cta-text mb-30\">\n                        \t\t\t\t\t\t\t                <span style=\"; ; ;\">\u00bfTiene un proyecto?<\/span>\n\t\t\t\t\t             \n\n\t\t\t\t\t\t\t\t\t\t\t\t\t                <h1 style=\"; ; ;\">Hable con nosotros de su soluci\u00f3n de negocios<\/h1>\n\t\t\t\t\t             \n                            <\/div>\n                       <\/div> \n                       <div class=\"col-xl-5 col-lg-5\">\n                            <div class=\"cta-button text-lg-right mb-30\">\n\t\t\t                     \n\t\t\t\t\t\t\t\t\t<a class=\"btn btn-white btn-none\" href=\"#\" target=\"_blank\">\n\t\t\t\t\t\t\t\t\t\t<span style=\"; ;\" class=\"btn-text\">\n\t\t\t\t\t\t\t\t\t\t\tCont\u00e1ctenos <i class=\"far fa-long-arrow-right\"><\/i><\/span> \n\t\t\t\t\t\t\t\t\t<\/a>\n\t\t\t                    \n\t\t\t                     \n                                \t<a style=\"; ;\" class=\"cta-link\" href=\"#\"><i class=\"far fa-phone\"><\/i> +(57-1) 702 4397<\/a>\n                            \t                            <\/div>\n                       <\/div>\n                    <\/div>\n                <\/div>\n            <\/div>\n            <!-- cta-area-end -->\n\n        \t\t\t<\/div>\n\t\t\t\t<\/div>\n\t\t\t\t\t<\/div>\n\t\t<\/div>\n\t\t\t\t\t<\/div>\n\t\t<\/section>\n\t\t\t\t<\/div>\n\t\t","protected":false},"excerpt":{"rendered":"<p>Quienes Somos +15 a\u00f1os de experiencia en Soluciones IT Somos una empresa especilizada en consultor\u00eda, desarrollo e implementaci\u00f3n de soluciones a la medida, basadas en software, aplicaciones e integraciones con redes m\u00f3viles y bases de datos. +15 a\u00f1os de experiencia en tecnolog\u00edas de la informaci\u00f3n, construyendo canales de comunicaci\u00f3n en el segmento B2C y B2B [&hellip;]<\/p>\n","protected":false},"author":1,"featured_media":0,"parent":0,"menu_order":0,"comment_status":"closed","ping_status":"closed","template":"elementor_header_footer","meta":{"footnotes":""},"class_list":["post-357","page","type-page","status-publish","hentry"],"_links":{"self":[{"href":"https:\/\/web.siba.com.co\/index.php\/wp-json\/wp\/v2\/pages\/357"}],"collection":[{"href":"https:\/\/web.siba.com.co\/index.php\/wp-json\/wp\/v2\/pages"}],"about":[{"href":"https:\/\/web.siba.com.co\/index.php\/wp-json\/wp\/v2\/types\/page"}],"author":[{"embeddable":true,"href":"https:\/\/web.siba.com.co\/index.php\/wp-json\/wp\/v2\/users\/1"}],"replies":[{"embeddable":true,"href":"https:\/\/web.siba.com.co\/index.php\/wp-json\/wp\/v2\/comments?post=357"}],"version-history":[{"count":6,"href":"https:\/\/web.siba.com.co\/index.php\/wp-json\/wp\/v2\/pages\/357\/revisions"}],"predecessor-version":[{"id":1379,"href":"https:\/\/web.siba.com.co\/index.php\/wp-json\/wp\/v2\/pages\/357\/revisions\/1379"}],"wp:attachment":[{"href":"https:\/\/web.siba.com.co\/index.php\/wp-json\/wp\/v2\/media?parent=357"}],"curies":[{"name":"wp","href":"https:\/\/api.w.org\/{rel}","templated":true}]}}